{"id":65,"date":"2017-02-18T21:32:34","date_gmt":"2017-02-18T20:32:34","guid":{"rendered":"http:\/\/seebylaura.fr\/?page_id=65"},"modified":"2025-09-16T20:59:01","modified_gmt":"2025-09-16T18:59:01","slug":"prestations","status":"publish","type":"page","link":"https:\/\/seebylaura.fr\/index.php\/votre-projet\/prestations\/","title":{"rendered":"Prestations &#038; tarifs"},"content":{"rendered":"<p><img loading=\"lazy\" decoding=\"async\" class=\"size-full wp-image-2034 aligncenter\" src=\"http:\/\/seebylaura.fr\/wp-content\/uploads\/2025\/02\/Capture-decran-2025-02-15-163418.jpg\" alt=\"\" width=\"682\" height=\"102\" srcset=\"https:\/\/seebylaura.fr\/wp-content\/uploads\/2025\/02\/Capture-decran-2025-02-15-163418.jpg 682w, https:\/\/seebylaura.fr\/wp-content\/uploads\/2025\/02\/Capture-decran-2025-02-15-163418-300x45.jpg 300w, https:\/\/seebylaura.fr\/wp-content\/uploads\/2025\/02\/Capture-decran-2025-02-15-163418-600x90.jpg 600w\" sizes=\"(max-width: 682px) 100vw, 682px\" \/><img loading=\"lazy\" decoding=\"async\" class=\" wp-image-2035 aligncenter\" src=\"http:\/\/seebylaura.fr\/wp-content\/uploads\/2025\/02\/Capture-decran-2025-02-15-163542.jpg\" alt=\"\" width=\"147\" height=\"66\" \/><\/p>\n<figure id=\"attachment_2231\" aria-describedby=\"caption-attachment-2231\" style=\"width: 736px\" class=\"wp-caption aligncenter\"><img loading=\"lazy\" decoding=\"async\" class=\"wp-image-2231 size-full\" src=\"http:\/\/seebylaura.fr\/wp-content\/uploads\/2025\/09\/IMG_9517.jpg\" alt=\"\" width=\"736\" height=\"736\" srcset=\"https:\/\/seebylaura.fr\/wp-content\/uploads\/2025\/09\/IMG_9517.jpg 736w, https:\/\/seebylaura.fr\/wp-content\/uploads\/2025\/09\/IMG_9517-300x300.jpg 300w, https:\/\/seebylaura.fr\/wp-content\/uploads\/2025\/09\/IMG_9517-150x150.jpg 150w, https:\/\/seebylaura.fr\/wp-content\/uploads\/2025\/09\/IMG_9517-600x600.jpg 600w, https:\/\/seebylaura.fr\/wp-content\/uploads\/2025\/09\/IMG_9517-100x100.jpg 100w\" sizes=\"(max-width: 736px) 100vw, 736px\" \/><figcaption id=\"caption-attachment-2231\" class=\"wp-caption-text\">\u00a9 Vendula Volkmerov\u00e0<\/figcaption><\/figure>\n<p><strong><img loading=\"lazy\" decoding=\"async\" class=\"size-full wp-image-1995 aligncenter\" src=\"http:\/\/seebylaura.fr\/wp-content\/uploads\/2025\/02\/Capture-decran-2025-02-14-165417.jpg\" alt=\"\" width=\"832\" height=\"117\" srcset=\"https:\/\/seebylaura.fr\/wp-content\/uploads\/2025\/02\/Capture-decran-2025-02-14-165417.jpg 832w, https:\/\/seebylaura.fr\/wp-content\/uploads\/2025\/02\/Capture-decran-2025-02-14-165417-300x42.jpg 300w, https:\/\/seebylaura.fr\/wp-content\/uploads\/2025\/02\/Capture-decran-2025-02-14-165417-768x108.jpg 768w, https:\/\/seebylaura.fr\/wp-content\/uploads\/2025\/02\/Capture-decran-2025-02-14-165417-600x84.jpg 600w\" sizes=\"(max-width: 767px) 89vw, (max-width: 1000px) 54vw, (max-width: 1071px) 543px, 580px\" \/><\/strong><\/p>\n<p>Cette formule comprend :<\/p>\n<p>\u2022 <strong>1h \u00e0 1h30 d&rsquo;\u00e9change avec vous, en pr\u00e9sentiel ou distanciel<\/strong> : Il s\u2019agit d\u2019une s\u00e9ance de coaching o\u00f9 je prends en compte vos attentes (rev\u00eatement des sols et des murs, mobilier de cuisine ou de salle de bains, ameublement et objets de d\u00e9coration par exemple).<\/p>\n<p>\u2022 <strong>Une synth\u00e8se<\/strong> pr\u00e9cise de vos besoins avec le d\u00e9tail des espaces \u00e0 transformer et les id\u00e9es \u00e9voqu\u00e9es lors de l&rsquo;entretien.<\/p>\n<p>Cette \u00e9tape peut \u00eatre une ouverture. Vous pourrez choisir ou non de poursuivre votre projet avec moi, si vous en ressentez le besoin ou l&rsquo;envie.<\/p>\n<p><img loading=\"lazy\" decoding=\"async\" class=\"wp-image-2191 aligncenter\" src=\"http:\/\/seebylaura.fr\/wp-content\/uploads\/2025\/02\/Capture-decran-2025-02-27-174237-1.jpg\" alt=\"\" width=\"324\" height=\"57\" srcset=\"https:\/\/seebylaura.fr\/wp-content\/uploads\/2025\/02\/Capture-decran-2025-02-27-174237-1.jpg 495w, https:\/\/seebylaura.fr\/wp-content\/uploads\/2025\/02\/Capture-decran-2025-02-27-174237-1-300x53.jpg 300w\" sizes=\"(max-width: 324px) 100vw, 324px\" \/><\/p>\n<p><img loading=\"lazy\" decoding=\"async\" class=\"wp-image-1837 aligncenter\" src=\"http:\/\/seebylaura.fr\/wp-content\/uploads\/2025\/02\/Trait-pinceau.jpg\" alt=\"\" width=\"251\" height=\"74\" srcset=\"https:\/\/seebylaura.fr\/wp-content\/uploads\/2025\/02\/Trait-pinceau.jpg 574w, https:\/\/seebylaura.fr\/wp-content\/uploads\/2025\/02\/Trait-pinceau-300x88.jpg 300w\" sizes=\"(max-width: 251px) 100vw, 251px\" \/><\/p>\n<p><img loading=\"lazy\" decoding=\"async\" class=\"wp-image-1996 aligncenter\" src=\"http:\/\/seebylaura.fr\/wp-content\/uploads\/2025\/02\/Capture-decran-2025-02-14-165532.jpg\" alt=\"\" width=\"433\" height=\"105\" srcset=\"https:\/\/seebylaura.fr\/wp-content\/uploads\/2025\/02\/Capture-decran-2025-02-14-165532.jpg 686w, https:\/\/seebylaura.fr\/wp-content\/uploads\/2025\/02\/Capture-decran-2025-02-14-165532-300x73.jpg 300w, https:\/\/seebylaura.fr\/wp-content\/uploads\/2025\/02\/Capture-decran-2025-02-14-165532-600x145.jpg 600w\" sizes=\"(max-width: 433px) 100vw, 433px\" \/><\/p>\n<p><strong>Suite du rendez-vous \u00ab\u00a0Conseils &amp; id\u00e9es d\u00e9co\u00a0\u00bb OU c<\/strong><strong>onstruction neuve et\/ou revue de plans, r\u00e9novation, am\u00e9nagement et\/ou d\u00e9coration &#8211; P<\/strong><strong>our particuliers et professionnels<\/strong><\/p>\n<p>Cette formule comprend :<\/p>\n<p>\u2022 <strong>1h \u00e0 1h30 d&rsquo;\u00e9change avec vous, en pr\u00e9sentiel ou distanciel<\/strong> : J&rsquo;apprends \u00e0 conna\u00eetre votre personnalit\u00e9, vos go\u00fbts et vos envies, selon votre budget.<\/p>\n<p style=\"text-align: left;\">\u2022 <strong>Une planche tendance personnalis\u00e9e (moodboard)<\/strong> selon vos go\u00fbts, cette planche peut \u00eatre dans la tendance ou intemporelle.<\/p>\n<p style=\"text-align: left;\">\u2022 <strong>Un book projet<\/strong> dans lequel vous trouverez une description pour chaque pi\u00e8ce (avec des propositions pour les rev\u00eatements et les couleurs des sols et des murs, le mobilier de cuisine ou de salle de bains), mais aussi des id\u00e9es pratiques et fonctionnelles si le cas se pr\u00e9sente. Vous y trouverez \u00e9galement une liste shopping pour l&rsquo;ameublement, les luminaires, les objets de d\u00e9coration ou encore l&rsquo;art de la table.<\/p>\n<p style=\"text-align: left;\">\u2022 <strong>La recherche de professionnels<\/strong> parmi mon r\u00e9seau d&rsquo;artisans si travaux.<\/p>\n<p style=\"text-align: left;\">\u2022 <strong>Un accompagnement et un \u00e9change <\/strong>tout au long du projet.<\/p>\n<p>\u2022 <strong>\u00ab\u00a0Le coup de baguette final\u00a0\u00bb<\/strong> o\u00f9 je prendrai le soin de disposer les meubles et la d\u00e9coration afin de les mettre en valeur dans votre nouveau chez vous.<\/p>\n<p><img loading=\"lazy\" decoding=\"async\" class=\"alignnone  wp-image-2192 aligncenter\" src=\"http:\/\/seebylaura.fr\/wp-content\/uploads\/2025\/02\/Capture-decran-2025-02-27-174530.jpg\" alt=\"\" width=\"397\" height=\"50\" srcset=\"https:\/\/seebylaura.fr\/wp-content\/uploads\/2025\/02\/Capture-decran-2025-02-27-174530.jpg 661w, https:\/\/seebylaura.fr\/wp-content\/uploads\/2025\/02\/Capture-decran-2025-02-27-174530-300x38.jpg 300w, https:\/\/seebylaura.fr\/wp-content\/uploads\/2025\/02\/Capture-decran-2025-02-27-174530-600x75.jpg 600w\" sizes=\"(max-width: 397px) 100vw, 397px\" \/><\/p>\n<p style=\"text-align: center;\"><em>Couloir, coursive, d\u00e9gagement<\/em><\/p>\n<p><img loading=\"lazy\" decoding=\"async\" class=\"wp-image-2194 aligncenter\" src=\"http:\/\/seebylaura.fr\/wp-content\/uploads\/2025\/02\/Capture-decran-2025-02-27-175318.jpg\" alt=\"\" width=\"368\" height=\"55\" srcset=\"https:\/\/seebylaura.fr\/wp-content\/uploads\/2025\/02\/Capture-decran-2025-02-27-175318.jpg 603w, https:\/\/seebylaura.fr\/wp-content\/uploads\/2025\/02\/Capture-decran-2025-02-27-175318-300x45.jpg 300w, https:\/\/seebylaura.fr\/wp-content\/uploads\/2025\/02\/Capture-decran-2025-02-27-175318-600x90.jpg 600w\" sizes=\"(max-width: 368px) 100vw, 368px\" \/><\/p>\n<p style=\"text-align: center;\"><em>Cuisine, salle de bains, balcon\/terrasse qui n\u00e9cessite un parall\u00e8le avec un artisan ou professionnel qualifi\u00e9<\/em><\/p>\n<p><img loading=\"lazy\" decoding=\"async\" class=\" wp-image-2195 aligncenter\" src=\"http:\/\/seebylaura.fr\/wp-content\/uploads\/2025\/02\/Capture-decran-2025-02-27-175529.jpg\" alt=\"\" width=\"389\" height=\"45\" srcset=\"https:\/\/seebylaura.fr\/wp-content\/uploads\/2025\/02\/Capture-decran-2025-02-27-175529.jpg 668w, https:\/\/seebylaura.fr\/wp-content\/uploads\/2025\/02\/Capture-decran-2025-02-27-175529-300x35.jpg 300w, https:\/\/seebylaura.fr\/wp-content\/uploads\/2025\/02\/Capture-decran-2025-02-27-175529-600x69.jpg 600w\" sizes=\"(max-width: 389px) 100vw, 389px\" \/><\/p>\n<p style=\"text-align: center;\"><em>Chambre, entr\u00e9e, bureau, salon, salle \u00e0 manger<\/em><\/p>\n<p><img loading=\"lazy\" decoding=\"async\" class=\" wp-image-2196 aligncenter\" src=\"http:\/\/seebylaura.fr\/wp-content\/uploads\/2025\/02\/Capture-decran-2025-02-27-175647.jpg\" alt=\"\" width=\"361\" height=\"43\" srcset=\"https:\/\/seebylaura.fr\/wp-content\/uploads\/2025\/02\/Capture-decran-2025-02-27-175647.jpg 643w, https:\/\/seebylaura.fr\/wp-content\/uploads\/2025\/02\/Capture-decran-2025-02-27-175647-300x35.jpg 300w, https:\/\/seebylaura.fr\/wp-content\/uploads\/2025\/02\/Capture-decran-2025-02-27-175647-600x71.jpg 600w\" sizes=\"(max-width: 361px) 100vw, 361px\" \/><\/p>\n<p style=\"text-align: center;\"><em>Pi\u00e8ce de vie avec salon et salle \u00e0 manger, chambre parentale avec dressing et salle de bains<\/em><\/p>\n<p><img loading=\"lazy\" decoding=\"async\" class=\"wp-image-2197 aligncenter\" src=\"http:\/\/seebylaura.fr\/wp-content\/uploads\/2025\/02\/Capture-decran-2025-02-27-175806.jpg\" alt=\"\" width=\"329\" height=\"52\" srcset=\"https:\/\/seebylaura.fr\/wp-content\/uploads\/2025\/02\/Capture-decran-2025-02-27-175806.jpg 602w, https:\/\/seebylaura.fr\/wp-content\/uploads\/2025\/02\/Capture-decran-2025-02-27-175806-300x47.jpg 300w, https:\/\/seebylaura.fr\/wp-content\/uploads\/2025\/02\/Capture-decran-2025-02-27-175806-600x95.jpg 600w\" sizes=\"(max-width: 329px) 100vw, 329px\" \/><\/p>\n<p style=\"text-align: center;\"><em>Maison ou appartement en totalit\u00e9<\/em><\/p>\n<p style=\"text-align: center;\"><b>Un acompte de 30% sera syst\u00e9matiquement demand\u00e9 pour tout accompagnement<\/b><b>. La r\u00e9ception de celui-ci validera l&rsquo;ouverture du projet.<\/b><\/p>\n<p style=\"text-align: center;\"><img loading=\"lazy\" decoding=\"async\" class=\"wp-image-1837 aligncenter\" src=\"http:\/\/seebylaura.fr\/wp-content\/uploads\/2025\/02\/Trait-pinceau.jpg\" alt=\"\" width=\"251\" height=\"74\" srcset=\"https:\/\/seebylaura.fr\/wp-content\/uploads\/2025\/02\/Trait-pinceau.jpg 574w, https:\/\/seebylaura.fr\/wp-content\/uploads\/2025\/02\/Trait-pinceau-300x88.jpg 300w\" sizes=\"(max-width: 251px) 100vw, 251px\" \/><\/p>\n<p style=\"text-align: right;\"><img loading=\"lazy\" decoding=\"async\" class=\"wp-image-1997 aligncenter\" src=\"http:\/\/seebylaura.fr\/wp-content\/uploads\/2025\/02\/Capture-decran-2025-02-14-165643.jpg\" alt=\"\" width=\"451\" height=\"110\" srcset=\"https:\/\/seebylaura.fr\/wp-content\/uploads\/2025\/02\/Capture-decran-2025-02-14-165643.jpg 677w, https:\/\/seebylaura.fr\/wp-content\/uploads\/2025\/02\/Capture-decran-2025-02-14-165643-300x73.jpg 300w, https:\/\/seebylaura.fr\/wp-content\/uploads\/2025\/02\/Capture-decran-2025-02-14-165643-600x146.jpg 600w\" sizes=\"(max-width: 451px) 100vw, 451px\" \/><\/p>\n<p style=\"text-align: left;\"><em>Le Home Staging, c&rsquo;est pr\u00e9parer votre bien \u00e0 la vente, le but \u00e9tant de le mettre en valeur. D\u00e9coration, optimisation de l&rsquo;espace et remise au go\u00fbt du jour sont les mots d&rsquo;ordre. A savoir qu&rsquo;on ne change pas tout, on am\u00e9liore juste l&rsquo;existant. L&rsquo;objectif est de valoriser votre bien afin que le visiteur puisse se projeter. De 0,5 \u00e0 3% de la valeur du bien suffisent \u00e0 un investissement Home Staging.<\/em><\/p>\n<div class=\"text_exposed_show\">\n<p>Cette formule comprend :<\/p>\n<p>\u2022 <strong>1h \u00e0 1h30 d&rsquo;\u00e9change avec vous, en pr\u00e9sentiel ou distanciel<\/strong> : Je r\u00e9alise une expertise compl\u00e8te de votre int\u00e9rieur actuel et vous pr\u00e9sente mes premi\u00e8res id\u00e9es.<\/p>\n<p style=\"text-align: left;\">\u2022 <strong>Une synth\u00e8se<\/strong> dans laquelle vous trouverez une description pour chaque pi\u00e8ce des modifications \u00e0 apporter (\u00e9l\u00e9ments \u00e0 am\u00e9liorer ou \u00e0 supprimer, r\u00e9am\u00e9nagements, d\u00e9personnalisation, harmonisation et objets de d\u00e9coration \u00e0 ajouter).<\/p>\n<p style=\"text-align: left;\">\u2022 <strong>La recherche de professionnels<\/strong> parmi mon r\u00e9seau d&rsquo;artisans si travaux (OPTIONNEL).<\/p>\n<p style=\"text-align: left;\">\u2022 <strong>Un accompagnement et un \u00e9change <\/strong>tout au long du projet.<\/p>\n<p>\u2022 <strong>Une liste shopping<\/strong> pour le mobilier et la d\u00e9coration.<\/p>\n<p>\u2022 <strong>Le relooking final<\/strong> avec une derni\u00e8re visite \u00e0 votre domicile.<\/p>\n<p style=\"text-align: left;\"><img loading=\"lazy\" decoding=\"async\" class=\" wp-image-2198 aligncenter\" src=\"http:\/\/seebylaura.fr\/wp-content\/uploads\/2025\/02\/Capture-decran-2025-02-27-175952.jpg\" alt=\"\" width=\"345\" height=\"54\" srcset=\"https:\/\/seebylaura.fr\/wp-content\/uploads\/2025\/02\/Capture-decran-2025-02-27-175952.jpg 592w, https:\/\/seebylaura.fr\/wp-content\/uploads\/2025\/02\/Capture-decran-2025-02-27-175952-300x47.jpg 300w\" sizes=\"(max-width: 345px) 100vw, 345px\" \/><\/p>\n<p style=\"text-align: center;\"><img loading=\"lazy\" decoding=\"async\" class=\" wp-image-2199 aligncenter\" src=\"http:\/\/seebylaura.fr\/wp-content\/uploads\/2025\/02\/Capture-decran-2025-02-27-180043.jpg\" alt=\"\" width=\"392\" height=\"44\" srcset=\"https:\/\/seebylaura.fr\/wp-content\/uploads\/2025\/02\/Capture-decran-2025-02-27-180043.jpg 737w, https:\/\/seebylaura.fr\/wp-content\/uploads\/2025\/02\/Capture-decran-2025-02-27-180043-300x34.jpg 300w, https:\/\/seebylaura.fr\/wp-content\/uploads\/2025\/02\/Capture-decran-2025-02-27-180043-600x68.jpg 600w\" sizes=\"(max-width: 392px) 100vw, 392px\" \/><\/p>\n<p style=\"text-align: left;\"><img loading=\"lazy\" decoding=\"async\" class=\" wp-image-2200 aligncenter\" src=\"http:\/\/seebylaura.fr\/wp-content\/uploads\/2025\/02\/Capture-decran-2025-02-27-180146.jpg\" alt=\"\" width=\"387\" height=\"48\" srcset=\"https:\/\/seebylaura.fr\/wp-content\/uploads\/2025\/02\/Capture-decran-2025-02-27-180146.jpg 721w, https:\/\/seebylaura.fr\/wp-content\/uploads\/2025\/02\/Capture-decran-2025-02-27-180146-300x37.jpg 300w, https:\/\/seebylaura.fr\/wp-content\/uploads\/2025\/02\/Capture-decran-2025-02-27-180146-600x75.jpg 600w\" sizes=\"(max-width: 387px) 100vw, 387px\" \/><\/p>\n<\/div>\n<p style=\"text-align: center;\"><img loading=\"lazy\" decoding=\"async\" class=\"alignnone  wp-image-2188\" src=\"http:\/\/seebylaura.fr\/wp-content\/uploads\/2025\/02\/Capture-decran-2025-02-25-155825-1.jpg\" alt=\"\" width=\"211\" height=\"36\" srcset=\"https:\/\/seebylaura.fr\/wp-content\/uploads\/2025\/02\/Capture-decran-2025-02-25-155825-1.jpg 363w, https:\/\/seebylaura.fr\/wp-content\/uploads\/2025\/02\/Capture-decran-2025-02-25-155825-1-300x51.jpg 300w\" sizes=\"(max-width: 211px) 100vw, 211px\" \/><\/p>\n<p style=\"text-align: center;\">Mes activit\u00e9s sont d\u00e9coup\u00e9es pour vous garantir plus de libert\u00e9.<\/p>\n<p style=\"text-align: center;\">Ces tarifs sont indicatifs et peuvent diff\u00e9rer selon la superficie et le travail \u00e0 effectuer, c&rsquo;est pour cela que je vous invite vivement \u00e0 me contacter.<\/p>\n<p style=\"text-align: center;\"><strong>Toute demande de devis est OFFERTE.<\/strong><\/p>\n<p style=\"text-align: center;\"><em>Les prix sont fix\u00e9s HT (la TVA est non applicable). Des ajustements tarifaires peuvent \u00eatre appliqu\u00e9s selon le secteur et le nombre de d\u00e9placements\/kilom\u00e8tres ajout\u00e9s au projet initial.<\/em><\/p>\n","protected":false},"excerpt":{"rendered":"<p>Cette formule comprend : \u2022 1h \u00e0 1h30 d&rsquo;\u00e9change avec vous, en pr\u00e9sentiel ou distanciel : Il s\u2019agit d\u2019une s\u00e9ance de coaching o\u00f9 je prends en compte vos attentes (rev\u00eatement des sols et des murs, mobilier de cuisine ou de salle de bains, ameublement et objets de d\u00e9coration par exemple). \u2022 Une synth\u00e8se pr\u00e9cise de &hellip; <\/p>\n<p class=\"link-more\"><a href=\"https:\/\/seebylaura.fr\/index.php\/votre-projet\/prestations\/\" class=\"more-link\">Continuer la lecture<span class=\"screen-reader-text\"> de &laquo;&nbsp;Prestations &#038; tarifs&nbsp;&raquo;<\/span><\/a><\/p>\n","protected":false},"author":3,"featured_media":0,"parent":851,"menu_order":2,"comment_status":"closed","ping_status":"closed","template":"","meta":{"footnotes":""},"_links":{"self":[{"href":"https:\/\/seebylaura.fr\/index.php\/wp-json\/wp\/v2\/pages\/65"}],"collection":[{"href":"https:\/\/seebylaura.fr\/index.php\/wp-json\/wp\/v2\/pages"}],"about":[{"href":"https:\/\/seebylaura.fr\/index.php\/wp-json\/wp\/v2\/types\/page"}],"author":[{"embeddable":true,"href":"https:\/\/seebylaura.fr\/index.php\/wp-json\/wp\/v2\/users\/3"}],"replies":[{"embeddable":true,"href":"https:\/\/seebylaura.fr\/index.php\/wp-json\/wp\/v2\/comments?post=65"}],"version-history":[{"count":137,"href":"https:\/\/seebylaura.fr\/index.php\/wp-json\/wp\/v2\/pages\/65\/revisions"}],"predecessor-version":[{"id":2234,"href":"https:\/\/seebylaura.fr\/index.php\/wp-json\/wp\/v2\/pages\/65\/revisions\/2234"}],"up":[{"embeddable":true,"href":"https:\/\/seebylaura.fr\/index.php\/wp-json\/wp\/v2\/pages\/851"}],"wp:attachment":[{"href":"https:\/\/seebylaura.fr\/index.php\/wp-json\/wp\/v2\/media?parent=65"}],"curies":[{"name":"wp","href":"https:\/\/api.w.org\/{rel}","templated":true}]}}