{"id":2132,"date":"2025-02-25T14:55:07","date_gmt":"2025-02-25T13:55:07","guid":{"rendered":"https:\/\/seebylaura.fr\/?page_id=2132"},"modified":"2025-03-31T13:36:45","modified_gmt":"2025-03-31T11:36:45","slug":"les-choses-a-savoir","status":"publish","type":"page","link":"https:\/\/seebylaura.fr\/index.php\/les-choses-a-savoir\/","title":{"rendered":"Mes valeurs"},"content":{"rendered":"\n<p class=\"has-text-align-center\"><img loading=\"lazy\" decoding=\"async\" width=\"637\" height=\"122\" class=\"wp-image-2161\" style=\"width: 400px;\" src=\"http:\/\/seebylaura.fr\/wp-content\/uploads\/2025\/02\/Capture-decran-2025-02-25-155752.jpg\" alt=\"\" srcset=\"https:\/\/seebylaura.fr\/wp-content\/uploads\/2025\/02\/Capture-decran-2025-02-25-155752.jpg 637w, https:\/\/seebylaura.fr\/wp-content\/uploads\/2025\/02\/Capture-decran-2025-02-25-155752-300x57.jpg 300w, https:\/\/seebylaura.fr\/wp-content\/uploads\/2025\/02\/Capture-decran-2025-02-25-155752-600x115.jpg 600w\" sizes=\"(max-width: 637px) 100vw, 637px\" \/><\/p>\n\n\n\n<p class=\"has-text-align-center\"><img loading=\"lazy\" decoding=\"async\" width=\"363\" height=\"62\" class=\"wp-image-2162\" style=\"width: 250px;\" src=\"http:\/\/seebylaura.fr\/wp-content\/uploads\/2025\/02\/Capture-decran-2025-02-25-155825.jpg\" alt=\"\" srcset=\"https:\/\/seebylaura.fr\/wp-content\/uploads\/2025\/02\/Capture-decran-2025-02-25-155825.jpg 363w, https:\/\/seebylaura.fr\/wp-content\/uploads\/2025\/02\/Capture-decran-2025-02-25-155825-300x51.jpg 300w\" sizes=\"(max-width: 363px) 100vw, 363px\" \/><\/p>\n\n\n\n<p class=\"has-text-align-center\"><img loading=\"lazy\" decoding=\"async\" width=\"302\" height=\"98\" class=\"wp-image-2138\" style=\"width: 180px;\" src=\"http:\/\/seebylaura.fr\/wp-content\/uploads\/2025\/02\/Capture-decran-2025-02-25-150354.jpg\" alt=\"\" srcset=\"https:\/\/seebylaura.fr\/wp-content\/uploads\/2025\/02\/Capture-decran-2025-02-25-150354.jpg 302w, https:\/\/seebylaura.fr\/wp-content\/uploads\/2025\/02\/Capture-decran-2025-02-25-150354-300x97.jpg 300w\" sizes=\"(max-width: 302px) 100vw, 302px\" \/><\/p>\n\n\n\n<p class=\"has-text-align-center\">See by Laura a choisi de grandir d&rsquo;abord en pr\u00e9sentiel avant de proposer du distanciel, car <strong>l&rsquo;\u00e9change avec vous a \u00e9t\u00e9 (et est toujours) une source in\u00e9puisable d&rsquo;am\u00e9liorations<\/strong>.<\/p>\n\n\n\n<p class=\"has-text-align-center\"><img loading=\"lazy\" decoding=\"async\" width=\"316\" height=\"91\" class=\"wp-image-2141\" style=\"width: 180px;\" src=\"http:\/\/seebylaura.fr\/wp-content\/uploads\/2025\/02\/Capture-decran-2025-02-25-151127.jpg\" alt=\"\" srcset=\"https:\/\/seebylaura.fr\/wp-content\/uploads\/2025\/02\/Capture-decran-2025-02-25-151127.jpg 316w, https:\/\/seebylaura.fr\/wp-content\/uploads\/2025\/02\/Capture-decran-2025-02-25-151127-300x86.jpg 300w\" sizes=\"(max-width: 316px) 100vw, 316px\" \/><\/p>\n\n\n\n<p class=\"has-text-align-center\"><strong>Votre int\u00e9rieur doit \u00eatre unique, comme vous.<\/strong>  C&rsquo;est pour cela que je ne propose pas un seul et m\u00eame style. Mon point d&rsquo;honneur est de ne pas cr\u00e9er le m\u00eame int\u00e9rieur chez tous mes clients.<\/p>\n\n\n\n<p class=\"has-text-align-center\">Anim\u00e9e par les relations humaines et l&rsquo;honn\u00eatet\u00e9, je mets tout en \u0153uvre pour <strong>vous proposer des projets \u00e0 votre image, \u00e0 un tarif JUSTE<\/strong>. Comme vous pouvez le constater, <strong>je d\u00e9taille mes tarifs<\/strong> <strong>en toute TRANSPARENCE<\/strong>.<\/p>\n\n\n\n<p class=\"has-text-align-center\"><img loading=\"lazy\" decoding=\"async\" width=\"391\" height=\"92\" class=\"wp-image-2142\" style=\"width: 230px;\" src=\"http:\/\/seebylaura.fr\/wp-content\/uploads\/2025\/02\/Capture-decran-2025-02-25-151526.jpg\" alt=\"\" srcset=\"https:\/\/seebylaura.fr\/wp-content\/uploads\/2025\/02\/Capture-decran-2025-02-25-151526.jpg 391w, https:\/\/seebylaura.fr\/wp-content\/uploads\/2025\/02\/Capture-decran-2025-02-25-151526-300x71.jpg 300w\" sizes=\"(max-width: 391px) 100vw, 391px\" \/><\/p>\n\n\n\n<p class=\"has-text-align-center\"><strong>Mes enseignes partenaires proposent des offres responsables<\/strong>, soutiennent des associations, favorisent l&rsquo;\u00e9galit\u00e9 des chances, d\u00e9veloppent l&rsquo;\u00e9conomie circulaire et r\u00e9duisent notre empreinte environnementale.<\/p>\n\n\n\n<p class=\"has-text-align-center\"><strong>Moi-m\u00eame, je veille \u00e0 conserver, \u00e0 r\u00e9utiliser ou \u00e0 transformer tout ce qui peut l&rsquo;\u00eatre<\/strong>.<\/p>\n\n\n\n<p class=\"has-text-align-center\"><img loading=\"lazy\" decoding=\"async\" width=\"413\" height=\"107\" class=\"wp-image-2174\" style=\"width: 230px;\" src=\"http:\/\/seebylaura.fr\/wp-content\/uploads\/2025\/02\/Capture-decran-2025-02-25-151944-1.jpg\" alt=\"\" srcset=\"https:\/\/seebylaura.fr\/wp-content\/uploads\/2025\/02\/Capture-decran-2025-02-25-151944-1.jpg 413w, https:\/\/seebylaura.fr\/wp-content\/uploads\/2025\/02\/Capture-decran-2025-02-25-151944-1-300x78.jpg 300w\" sizes=\"(max-width: 413px) 100vw, 413px\" \/><\/p>\n\n\n\n<p class=\"has-text-align-center\">Partagez votre exp\u00e9rience sur Google ! <strong>Ce sont mes clients d&rsquo;aujourd&rsquo;hui qui encourageront mes clients de demain \u00e0 me contacter.<\/strong><a href=\"https:\/\/www.google.com\/search?sca_esv=5d466d0b992978df&amp;si=APYL9bs7Hg2KMLB-4tSoTdxuOx8BdRvHbByC_AuVpNyh0x2Kze-ijeOWUJL1I7A0Y6WaOInRwgF6UcYZ-9417PTNoKSzpOuHduuolCbAYEiEwJJzz8NB9PtqXlTyTwbOfkpU_yZTFFjq&amp;q=See+by+Laura+Avis&amp;sa=X&amp;ved=2ahUKEwi26oat4OGLAxUjUaQEHaPqJn0Q0bkNegQIGxAD&amp;biw=1230&amp;bih=686&amp;dpr=1.25\"><\/a><\/p>\n\n\n\n<p class=\"has-text-align-right\"><img loading=\"lazy\" decoding=\"async\" width=\"248\" height=\"137\" class=\"wp-image-2164\" style=\"width: 150px;\" src=\"http:\/\/seebylaura.fr\/wp-content\/uploads\/2025\/02\/Capture-decran-2025-02-25-152414-1.jpg\" alt=\"\">D&rsquo;\u00e9crire \u00e0 mes c\u00f4t\u00e9s bien plus que des histoires d&rsquo;int\u00e9rieurs depuis 2017.<\/p>\n\n\n\n<figure class=\"wp-block-image size-full is-resized\"><img loading=\"lazy\" decoding=\"async\" width=\"427\" height=\"618\" src=\"https:\/\/seebylaura.fr\/wp-content\/uploads\/2025\/03\/Fleur-1.jpg\" alt=\"\" class=\"wp-image-2226\" style=\"width:240px;height:auto\" srcset=\"https:\/\/seebylaura.fr\/wp-content\/uploads\/2025\/03\/Fleur-1.jpg 427w, https:\/\/seebylaura.fr\/wp-content\/uploads\/2025\/03\/Fleur-1-207x300.jpg 207w\" sizes=\"(max-width: 427px) 100vw, 427px\" \/><\/figure>\n","protected":false},"excerpt":{"rendered":"<p>See by Laura a choisi de grandir d&rsquo;abord en pr\u00e9sentiel avant de proposer du distanciel, car l&rsquo;\u00e9change avec vous a \u00e9t\u00e9 (et est toujours) une source in\u00e9puisable d&rsquo;am\u00e9liorations. Votre int\u00e9rieur doit \u00eatre unique, comme vous. C&rsquo;est pour cela que je ne propose pas un seul et m\u00eame style. Mon point d&rsquo;honneur est de ne pas &hellip; <\/p>\n<p class=\"link-more\"><a href=\"https:\/\/seebylaura.fr\/index.php\/les-choses-a-savoir\/\" class=\"more-link\">Continuer la lecture<span class=\"screen-reader-text\"> de &laquo;&nbsp;Mes valeurs&nbsp;&raquo;<\/span><\/a><\/p>\n","protected":false},"author":3,"featured_media":0,"parent":0,"menu_order":0,"comment_status":"closed","ping_status":"closed","template":"","meta":{"footnotes":""},"_links":{"self":[{"href":"https:\/\/seebylaura.fr\/index.php\/wp-json\/wp\/v2\/pages\/2132"}],"collection":[{"href":"https:\/\/seebylaura.fr\/index.php\/wp-json\/wp\/v2\/pages"}],"about":[{"href":"https:\/\/seebylaura.fr\/index.php\/wp-json\/wp\/v2\/types\/page"}],"author":[{"embeddable":true,"href":"https:\/\/seebylaura.fr\/index.php\/wp-json\/wp\/v2\/users\/3"}],"replies":[{"embeddable":true,"href":"https:\/\/seebylaura.fr\/index.php\/wp-json\/wp\/v2\/comments?post=2132"}],"version-history":[{"count":33,"href":"https:\/\/seebylaura.fr\/index.php\/wp-json\/wp\/v2\/pages\/2132\/revisions"}],"predecessor-version":[{"id":2228,"href":"https:\/\/seebylaura.fr\/index.php\/wp-json\/wp\/v2\/pages\/2132\/revisions\/2228"}],"wp:attachment":[{"href":"https:\/\/seebylaura.fr\/index.php\/wp-json\/wp\/v2\/media?parent=2132"}],"curies":[{"name":"wp","href":"https:\/\/api.w.org\/{rel}","templated":true}]}}