{"id":2080,"date":"2025-02-16T12:01:07","date_gmt":"2025-02-16T11:01:07","guid":{"rendered":"https:\/\/seebylaura.fr\/?page_id=2080"},"modified":"2025-02-16T21:42:40","modified_gmt":"2025-02-16T20:42:40","slug":"mentions-legales","status":"publish","type":"page","link":"https:\/\/seebylaura.fr\/index.php\/mentions-legales\/","title":{"rendered":"Mentions l\u00e9gales &#038; CGU"},"content":{"rendered":"\n<div class=\"wp-block-group is-layout-constrained wp-block-group-is-layout-constrained\"><div class=\"wp-block-group__inner-container\">\n<div class=\"wp-block-group is-layout-constrained wp-block-group-is-layout-constrained\"><div class=\"wp-block-group__inner-container\">\n<p><strong>I &#8211;<\/strong> <strong>Mentions l\u00e9gales<\/strong><\/p>\n\n\n\n<p>Identit\u00e9 de l&rsquo;entreprise : See by Laura (micro-entreprise individuelle)<\/p>\n\n\n\n<p>Directrice de la publication :  Laura MARBACH (n\u00e9e LECOURTIER) | 7, rue de la Killei &#8211; 57320 CHEMERY-LES-DEUX | 07 86 93 29 07 | <a href=\"mailto:contact@seebylaura.fr\">contact@seebylaura.fr<\/a><\/p>\n\n\n\n<p>Num\u00e9ro SIRET : 825289630 | Code APE : 7410Z &#8211; Activit\u00e9s sp\u00e9cialis\u00e9es de design | Cr\u00e9ation le 26\/01\/2017 (activit\u00e9 compl\u00e9mentaire) | TVA non applicable<\/p>\n\n\n\n<p>H\u00e9bergeur du site : Association ReptiGo | Anthony CORREIA | 117, rue de Franchepr\u00e9 | 54240 JOEUF | <a href=\"mailto:anthony@reptigo.fr\">anthony@reptigo.fr<\/a><\/p>\n<\/div><\/div>\n<\/div><\/div>\n\n\n\n<div class=\"wp-block-group is-layout-constrained wp-block-group-is-layout-constrained\"><div class=\"wp-block-group__inner-container\">\n<div class=\"wp-block-group is-layout-constrained wp-block-group-is-layout-constrained\"><div class=\"wp-block-group__inner-container\">\n<p><strong>II &#8211; CGU<\/strong><\/p>\n\n\n\n<p>Le pr\u00e9sent document a pour objet de d\u00e9finir les modalit\u00e9s et conditions dans lesquelles d\u2019une part,&nbsp; <strong>Laura MARBACH<\/strong>, ci-apr\u00e8s d\u00e9nomm\u00e9e l&rsquo;\u00e9ditrice, met \u00e0 la disposition de ses utilisateurs, le site et les services disponibles sur le site, et d\u2019autre part, la mani\u00e8re par laquelle l\u2019utilisateur acc\u00e8de au site et utilise ses services.&nbsp;<\/p>\n\n\n\n<p>Toute connexion au site est subordonn\u00e9e au respect des pr\u00e9sentes conditions.&nbsp;<\/p>\n\n\n\n<p>Pour l\u2019utilisateur, le simple acc\u00e8s au site de l&rsquo;\u00e9ditrice \u00e0 l\u2019adresse URL suivante <strong>www.seebylaura.fr<\/strong> implique l\u2019acceptation de l\u2019ensemble des conditions d\u00e9crites ci-apr\u00e8s.&nbsp;<\/p>\n\n\n\n<p><em>Cookies<\/em><\/p>\n\n\n\n<p>Le site web <strong>See by Laura<\/strong>, accessible \u00e0 l&rsquo;adresse <strong>www.seebylaura.fr<\/strong>, propuls\u00e9 par WordPress et h\u00e9berg\u00e9 par l&rsquo;association ReptiGo, utilise des cookies pour am\u00e9liorer l&rsquo;exp\u00e9rience utilisateur. En utilisant ce site, vous consentez \u00e0 l&rsquo;utilisation de cookies conform\u00e9ment \u00e0 cette politique.<\/p>\n\n\n\n<p>La navigation sur le site&nbsp;<strong>www.seebylaura.fr<\/strong>&nbsp;est susceptible de provoquer l\u2019installation de cookie(s) sur l\u2019ordinateur de l\u2019utilisateur.<\/p>\n\n\n\n<p>Pour rappel, un \u00ab&nbsp;Cookie&nbsp;\u00bb est un fichier de petite taille qui enregistre des informations relatives \u00e0 la navigation d\u2019un utilisateur sur un site. Les donn\u00e9es ainsi obtenues permettent, par exemple, d\u2019obtenir des mesures de fr\u00e9quentation.<\/p>\n\n\n\n<p>Vous avez la possibilit\u00e9&nbsp;d\u2019accepter ou de refuser les cookies<strong>&nbsp;<\/strong>en modifiant les param\u00e8tres de votre navigateur.<\/p>\n\n\n\n<p><em>Liens hypertextes<\/em><\/p>\n\n\n\n<p>Le site&nbsp; <strong>See by Laura<\/strong> peut contenir des liens hypertextes vers d\u2019autres sites pr\u00e9sents sur le r\u00e9seau Internet. Les liens vers ces autres ressources vous font quitter le site <strong>www.seebylaura.fr<\/strong>.<\/p>\n\n\n\n<p>Il est possible de cr\u00e9er un lien vers la page de pr\u00e9sentation de ce site, sans autorisation expresse de l&rsquo;\u00e9ditrice.<\/p>\n<\/div><\/div>\n\n\n\n<div class=\"wp-block-group is-layout-constrained wp-block-group-is-layout-constrained\"><div class=\"wp-block-group__inner-container\">\n<p><strong>III &#8211; Propri\u00e9t\u00e9 intellectuelle<\/strong><\/p>\n\n\n\n<p>Toute reproduction, repr\u00e9sentation, modification, publication, adaptation de tout ou partie des \u00e9l\u00e9ments du site pr\u00e9vue \u00e0 l\u2019article L.122-5 du Code de la propri\u00e9t\u00e9 intellectuelle, quel que soit le moyen ou le proc\u00e9d\u00e9 utilis\u00e9, est interdite, sauf autorisation \u00e9crite pr\u00e9alable de la directrice de publication, \u00e0 savoir <strong>Laura MARBACH<\/strong>. <\/p>\n\n\n\n<p><strong>See by Laura<\/strong>&nbsp;est propri\u00e9taire des droits de propri\u00e9t\u00e9 intellectuelle et d\u00e9tient les droits d\u2019usage sur tous les \u00e9l\u00e9ments accessibles sur le site internet, notamment l&rsquo;architecture, le style, le logo et les textes. Tous les \u00e9l\u00e9ments de ce site sont libres de droit, \u00e0 l\u2019exception de l\u2019iconographie, \u00e0 la condition d\u2019y mentionner la source. Celles-ci ne peuvent \u00eatre utilis\u00e9es \u00e0 des fins commerciales et publicitaires.<\/p>\n\n\n\n<p>Toute exploitation non autoris\u00e9e du site ou de l&rsquo;un des \u00e9l\u00e9ments qu\u2019il contient sera consid\u00e9r\u00e9e comme constitutive d\u2019une contrefa\u00e7on et poursuivie conform\u00e9ment aux dispositions des articles&nbsp;L.335-2 et suivants du Code de Propri\u00e9t\u00e9 Intellectuelle.<\/p>\n<\/div><\/div>\n<\/div><\/div>\n\n\n\n<div class=\"wp-block-group is-layout-constrained wp-block-group-is-layout-constrained\"><div class=\"wp-block-group__inner-container\">\n<div class=\"wp-block-group is-layout-constrained wp-block-group-is-layout-constrained\"><div class=\"wp-block-group__inner-container\">\n<p><strong>IV &#8211; Droit applicable<\/strong><\/p>\n\n\n\n<p>Tout litige en relation avec l\u2019utilisation du site&nbsp;<strong>www.seebylaura.fr<\/strong>&nbsp;est soumis au droit fran\u00e7ais. <\/p>\n<\/div><\/div>\n\n\n\n<p>&nbsp;<\/p>\n<\/div><\/div>\n","protected":false},"excerpt":{"rendered":"<p>I &#8211; Mentions l\u00e9gales Identit\u00e9 de l&rsquo;entreprise : See by Laura (micro-entreprise individuelle) Directrice de la publication : Laura MARBACH (n\u00e9e LECOURTIER) | 7, rue de la Killei &#8211; 57320 CHEMERY-LES-DEUX | 07 86 93 29 07 | contact@seebylaura.fr Num\u00e9ro SIRET : 825289630 | Code APE : 7410Z &#8211; Activit\u00e9s sp\u00e9cialis\u00e9es de design | Cr\u00e9ation &hellip; <\/p>\n<p class=\"link-more\"><a href=\"https:\/\/seebylaura.fr\/index.php\/mentions-legales\/\" class=\"more-link\">Continuer la lecture<span class=\"screen-reader-text\"> de &laquo;&nbsp;Mentions l\u00e9gales &#038; CGU&nbsp;&raquo;<\/span><\/a><\/p>\n","protected":false},"author":3,"featured_media":0,"parent":0,"menu_order":5,"comment_status":"closed","ping_status":"closed","template":"","meta":{"footnotes":""},"_links":{"self":[{"href":"https:\/\/seebylaura.fr\/index.php\/wp-json\/wp\/v2\/pages\/2080"}],"collection":[{"href":"https:\/\/seebylaura.fr\/index.php\/wp-json\/wp\/v2\/pages"}],"about":[{"href":"https:\/\/seebylaura.fr\/index.php\/wp-json\/wp\/v2\/types\/page"}],"author":[{"embeddable":true,"href":"https:\/\/seebylaura.fr\/index.php\/wp-json\/wp\/v2\/users\/3"}],"replies":[{"embeddable":true,"href":"https:\/\/seebylaura.fr\/index.php\/wp-json\/wp\/v2\/comments?post=2080"}],"version-history":[{"count":17,"href":"https:\/\/seebylaura.fr\/index.php\/wp-json\/wp\/v2\/pages\/2080\/revisions"}],"predecessor-version":[{"id":2124,"href":"https:\/\/seebylaura.fr\/index.php\/wp-json\/wp\/v2\/pages\/2080\/revisions\/2124"}],"wp:attachment":[{"href":"https:\/\/seebylaura.fr\/index.php\/wp-json\/wp\/v2\/media?parent=2080"}],"curies":[{"name":"wp","href":"https:\/\/api.w.org\/{rel}","templated":true}]}}