{"id":18,"date":"2017-02-18T18:19:14","date_gmt":"2017-02-18T17:19:14","guid":{"rendered":"http:\/\/seebylaura.fr\/?page_id=18"},"modified":"2025-03-11T14:29:58","modified_gmt":"2025-03-11T13:29:58","slug":"contact","status":"publish","type":"page","link":"https:\/\/seebylaura.fr\/index.php\/contact\/","title":{"rendered":"Contact"},"content":{"rendered":"\n<p><\/p>\n\n\n<p style=\"text-align: center;\"><img loading=\"lazy\" decoding=\"async\" class=\" wp-image-2054 aligncenter\" src=\"http:\/\/seebylaura.fr\/wp-content\/uploads\/2025\/02\/Capture-decran-2025-02-15-165935.jpg\" alt=\"\" width=\"469\" height=\"90\" srcset=\"https:\/\/seebylaura.fr\/wp-content\/uploads\/2025\/02\/Capture-decran-2025-02-15-165935.jpg 786w, https:\/\/seebylaura.fr\/wp-content\/uploads\/2025\/02\/Capture-decran-2025-02-15-165935-300x57.jpg 300w, https:\/\/seebylaura.fr\/wp-content\/uploads\/2025\/02\/Capture-decran-2025-02-15-165935-768x147.jpg 768w, https:\/\/seebylaura.fr\/wp-content\/uploads\/2025\/02\/Capture-decran-2025-02-15-165935-600x115.jpg 600w\" sizes=\"(max-width: 469px) 100vw, 469px\" \/><img loading=\"lazy\" decoding=\"async\" class=\" wp-image-2055 aligncenter\" src=\"http:\/\/seebylaura.fr\/wp-content\/uploads\/2025\/02\/Capture-decran-2025-02-15-170040.jpg\" alt=\"\" width=\"444\" height=\"82\" srcset=\"https:\/\/seebylaura.fr\/wp-content\/uploads\/2025\/02\/Capture-decran-2025-02-15-170040.jpg 745w, https:\/\/seebylaura.fr\/wp-content\/uploads\/2025\/02\/Capture-decran-2025-02-15-170040-300x55.jpg 300w, https:\/\/seebylaura.fr\/wp-content\/uploads\/2025\/02\/Capture-decran-2025-02-15-170040-600x110.jpg 600w\" sizes=\"(max-width: 444px) 100vw, 444px\" \/><\/p>\n<p><img loading=\"lazy\" decoding=\"async\" class=\"wp-image-2152 aligncenter\" src=\"http:\/\/seebylaura.fr\/wp-content\/uploads\/2025\/02\/enveloppe-papier-a-une-ligne-noir-et-blanc-monochrome-ligne-simple-e-mail-message-post-lettre-envoyer-illustration-dessin-de-contour-2f71a6n-2.jpg\" alt=\"\" width=\"316\" height=\"80\" srcset=\"https:\/\/seebylaura.fr\/wp-content\/uploads\/2025\/02\/enveloppe-papier-a-une-ligne-noir-et-blanc-monochrome-ligne-simple-e-mail-message-post-lettre-envoyer-illustration-dessin-de-contour-2f71a6n-2.jpg 1170w, https:\/\/seebylaura.fr\/wp-content\/uploads\/2025\/02\/enveloppe-papier-a-une-ligne-noir-et-blanc-monochrome-ligne-simple-e-mail-message-post-lettre-envoyer-illustration-dessin-de-contour-2f71a6n-2-300x76.jpg 300w, https:\/\/seebylaura.fr\/wp-content\/uploads\/2025\/02\/enveloppe-papier-a-une-ligne-noir-et-blanc-monochrome-ligne-simple-e-mail-message-post-lettre-envoyer-illustration-dessin-de-contour-2f71a6n-2-1024x258.jpg 1024w, https:\/\/seebylaura.fr\/wp-content\/uploads\/2025\/02\/enveloppe-papier-a-une-ligne-noir-et-blanc-monochrome-ligne-simple-e-mail-message-post-lettre-envoyer-illustration-dessin-de-contour-2f71a6n-2-768x194.jpg 768w, https:\/\/seebylaura.fr\/wp-content\/uploads\/2025\/02\/enveloppe-papier-a-une-ligne-noir-et-blanc-monochrome-ligne-simple-e-mail-message-post-lettre-envoyer-illustration-dessin-de-contour-2f71a6n-2-600x151.jpg 600w\" sizes=\"(max-width: 316px) 100vw, 316px\" \/><\/p>\n<p style=\"text-align: center;\"><strong>07 86 93 29 07 | <a href=\"mailto:contact@seebylaura.fr\">contact@seebylaura.fr<\/a><\/strong><\/p>\n<p style=\"text-align: center;\">Mon studio \u00e9tant situ\u00e9 <strong>\u00e0 30km de Thionville et 30km de Metz<\/strong>, mon emplacement est id\u00e9al pour vous satisfaire.<\/p>\n<p style=\"text-align: center;\">Je d\u00e9core en <strong>Moselle<\/strong>, <strong>Meurthe-et-Moselle<\/strong>, <strong>Meuse<\/strong> et <strong>Luxembourg<\/strong> en pr\u00e9sentiel, mais aussi <strong>partout ailleurs <\/strong>en distanciel.<\/p>\n<p><img loading=\"lazy\" decoding=\"async\" class=\"wp-image-1967 aligncenter\" src=\"http:\/\/seebylaura.fr\/wp-content\/uploads\/2025\/02\/Signature.png\" alt=\"\" width=\"177\" height=\"99\" srcset=\"https:\/\/seebylaura.fr\/wp-content\/uploads\/2025\/02\/Signature.png 1303w, https:\/\/seebylaura.fr\/wp-content\/uploads\/2025\/02\/Signature-300x168.png 300w, https:\/\/seebylaura.fr\/wp-content\/uploads\/2025\/02\/Signature-1024x574.png 1024w, https:\/\/seebylaura.fr\/wp-content\/uploads\/2025\/02\/Signature-768x430.png 768w, https:\/\/seebylaura.fr\/wp-content\/uploads\/2025\/02\/Signature-600x336.png 600w\" sizes=\"(max-width: 177px) 100vw, 177px\" \/><\/p>\n<p><img loading=\"lazy\" decoding=\"async\" class=\"wp-image-1885 aligncenter\" src=\"http:\/\/seebylaura.fr\/wp-content\/uploads\/2025\/02\/Capture-decran-2025-02-13-171340.jpg\" alt=\"\" width=\"682\" height=\"221\" srcset=\"https:\/\/seebylaura.fr\/wp-content\/uploads\/2025\/02\/Capture-decran-2025-02-13-171340.jpg 782w, https:\/\/seebylaura.fr\/wp-content\/uploads\/2025\/02\/Capture-decran-2025-02-13-171340-300x97.jpg 300w, https:\/\/seebylaura.fr\/wp-content\/uploads\/2025\/02\/Capture-decran-2025-02-13-171340-768x248.jpg 768w, https:\/\/seebylaura.fr\/wp-content\/uploads\/2025\/02\/Capture-decran-2025-02-13-171340-600x194.jpg 600w\" sizes=\"(max-width: 682px) 100vw, 682px\" \/><\/p>\n<p style=\"text-align: center;\">Comme cette cliente, n&rsquo;h\u00e9sitez pas \u00e0 partager votre exp\u00e9rience avec un <strong>avis Google <\/strong>!<\/p>\n<p><a href=\"https:\/\/www.google.com\/search?sca_esv=782b43cd78aed7d2&amp;si=APYL9bs7Hg2KMLB-4tSoTdxuOx8BdRvHbByC_AuVpNyh0x2Kze-ijeOWUJL1I7A0Y6WaOInRwgF6UcYZ-9417PTNoKSzpOuHduuolCbAYEiEwJJzz8NB9PtqXlTyTwbOfkpU_yZTFFjq&amp;q=See+by+Laura+Avis&amp;sa=X&amp;ved=2ahUKEwi539eYkYKMAxXidqQEHd0EEWwQ0bkNegQIJhAD&amp;biw=1230&amp;bih=686&amp;dpr=1.25\"><img loading=\"lazy\" decoding=\"async\" class=\"aligncenter wp-image-2218\" src=\"http:\/\/seebylaura.fr\/wp-content\/uploads\/2025\/03\/Logo-Google-300x300-2.png\" alt=\"\" width=\"193\" height=\"122\" \/><\/a><\/p>","protected":false},"excerpt":{"rendered":"<p>07 86 93 29 07 | contact@seebylaura.fr Mon studio \u00e9tant situ\u00e9 \u00e0 30km de Thionville et 30km de Metz, mon emplacement est id\u00e9al pour vous satisfaire. Je d\u00e9core en Moselle, Meurthe-et-Moselle, Meuse et Luxembourg en pr\u00e9sentiel, mais aussi partout ailleurs en distanciel. Comme cette cliente, n&rsquo;h\u00e9sitez pas \u00e0 partager votre exp\u00e9rience avec un avis Google &hellip; <\/p>\n<p class=\"link-more\"><a href=\"https:\/\/seebylaura.fr\/index.php\/contact\/\" class=\"more-link\">Continuer la lecture<span class=\"screen-reader-text\"> de &laquo;&nbsp;Contact&nbsp;&raquo;<\/span><\/a><\/p>\n","protected":false},"author":1,"featured_media":0,"parent":0,"menu_order":4,"comment_status":"closed","ping_status":"closed","template":"","meta":{"footnotes":""},"_links":{"self":[{"href":"https:\/\/seebylaura.fr\/index.php\/wp-json\/wp\/v2\/pages\/18"}],"collection":[{"href":"https:\/\/seebylaura.fr\/index.php\/wp-json\/wp\/v2\/pages"}],"about":[{"href":"https:\/\/seebylaura.fr\/index.php\/wp-json\/wp\/v2\/types\/page"}],"author":[{"embeddable":true,"href":"https:\/\/seebylaura.fr\/index.php\/wp-json\/wp\/v2\/users\/1"}],"replies":[{"embeddable":true,"href":"https:\/\/seebylaura.fr\/index.php\/wp-json\/wp\/v2\/comments?post=18"}],"version-history":[{"count":128,"href":"https:\/\/seebylaura.fr\/index.php\/wp-json\/wp\/v2\/pages\/18\/revisions"}],"predecessor-version":[{"id":2220,"href":"https:\/\/seebylaura.fr\/index.php\/wp-json\/wp\/v2\/pages\/18\/revisions\/2220"}],"wp:attachment":[{"href":"https:\/\/seebylaura.fr\/index.php\/wp-json\/wp\/v2\/media?parent=18"}],"curies":[{"name":"wp","href":"https:\/\/api.w.org\/{rel}","templated":true}]}}