{"id":1656,"date":"2022-01-04T10:18:07","date_gmt":"2022-01-04T09:18:07","guid":{"rendered":"http:\/\/seebylaura.fr\/?page_id=1656"},"modified":"2025-02-15T17:31:16","modified_gmt":"2025-02-15T16:31:16","slug":"realisations","status":"publish","type":"page","link":"https:\/\/seebylaura.fr\/index.php\/realisations\/","title":{"rendered":"R\u00e9alisations"},"content":{"rendered":"<p style=\"text-align: center;\"><img loading=\"lazy\" decoding=\"async\" class=\"wp-image-1956 aligncenter\" src=\"http:\/\/seebylaura.fr\/wp-content\/uploads\/2025\/02\/Capture-decran-2025-02-14-160211.jpg\" alt=\"\" width=\"447\" height=\"69\" srcset=\"https:\/\/seebylaura.fr\/wp-content\/uploads\/2025\/02\/Capture-decran-2025-02-14-160211.jpg 812w, https:\/\/seebylaura.fr\/wp-content\/uploads\/2025\/02\/Capture-decran-2025-02-14-160211-300x47.jpg 300w, https:\/\/seebylaura.fr\/wp-content\/uploads\/2025\/02\/Capture-decran-2025-02-14-160211-768x119.jpg 768w, https:\/\/seebylaura.fr\/wp-content\/uploads\/2025\/02\/Capture-decran-2025-02-14-160211-600x93.jpg 600w\" sizes=\"(max-width: 447px) 100vw, 447px\" \/><img loading=\"lazy\" decoding=\"async\" class=\"wp-image-1957 aligncenter\" src=\"http:\/\/seebylaura.fr\/wp-content\/uploads\/2025\/02\/Capture-decran-2025-02-14-160335.jpg\" alt=\"\" width=\"344\" height=\"80\" srcset=\"https:\/\/seebylaura.fr\/wp-content\/uploads\/2025\/02\/Capture-decran-2025-02-14-160335.jpg 658w, https:\/\/seebylaura.fr\/wp-content\/uploads\/2025\/02\/Capture-decran-2025-02-14-160335-300x69.jpg 300w, https:\/\/seebylaura.fr\/wp-content\/uploads\/2025\/02\/Capture-decran-2025-02-14-160335-600x139.jpg 600w\" sizes=\"(max-width: 344px) 100vw, 344px\" \/><\/p>\n<figure id=\"attachment_2061\" aria-describedby=\"caption-attachment-2061\" style=\"width: 767px\" class=\"wp-caption aligncenter\"><img loading=\"lazy\" decoding=\"async\" class=\"wp-image-2061 size-full\" src=\"http:\/\/seebylaura.fr\/wp-content\/uploads\/2025\/02\/deco-marron-couleur-tendance-2020-\u00a9-6.jpg\" alt=\"\" width=\"767\" height=\"1024\" srcset=\"https:\/\/seebylaura.fr\/wp-content\/uploads\/2025\/02\/deco-marron-couleur-tendance-2020-\u00a9-6.jpg 767w, https:\/\/seebylaura.fr\/wp-content\/uploads\/2025\/02\/deco-marron-couleur-tendance-2020-\u00a9-6-225x300.jpg 225w, https:\/\/seebylaura.fr\/wp-content\/uploads\/2025\/02\/deco-marron-couleur-tendance-2020-\u00a9-6-600x801.jpg 600w\" sizes=\"(max-width: 767px) 89vw, (max-width: 1000px) 54vw, (max-width: 1071px) 543px, 580px\" \/><figcaption id=\"caption-attachment-2061\" class=\"wp-caption-text\">\u00a9 IB Laursen<\/figcaption><\/figure>\n<p style=\"text-align: center;\">Sur Instagram, d\u00e9couvrez mes projets et suivez-moi pour ne pas louper mes publications &amp; stories !<\/p>\n<p style=\"text-align: center;\"><em>(Compte Instagram n\u00e9cessaire pour y acc\u00e9der)<\/em><\/p>\n<p style=\"text-align: center;\"><a href=\"http:\/\/instagram.com\/see_by_laura\"><img loading=\"lazy\" decoding=\"async\" class=\"wp-image-1673 size-thumbnail alignnone\" src=\"http:\/\/seebylaura.fr\/wp-content\/uploads\/2022\/01\/logo-instagram-2016-HD-2-150x150.jpg\" alt=\"\" width=\"150\" height=\"150\" srcset=\"https:\/\/seebylaura.fr\/wp-content\/uploads\/2022\/01\/logo-instagram-2016-HD-2-150x150.jpg 150w, https:\/\/seebylaura.fr\/wp-content\/uploads\/2022\/01\/logo-instagram-2016-HD-2-300x298.jpg 300w, https:\/\/seebylaura.fr\/wp-content\/uploads\/2022\/01\/logo-instagram-2016-HD-2-100x100.jpg 100w, https:\/\/seebylaura.fr\/wp-content\/uploads\/2022\/01\/logo-instagram-2016-HD-2.jpg 314w\" sizes=\"(max-width: 150px) 100vw, 150px\" \/><\/a><img loading=\"lazy\" decoding=\"async\" class=\"wp-image-1658 size-thumbnail alignnone\" src=\"http:\/\/seebylaura.fr\/wp-content\/uploads\/2022\/01\/IMG_2005-150x150.jpg\" alt=\"\" width=\"150\" height=\"150\" srcset=\"https:\/\/seebylaura.fr\/wp-content\/uploads\/2022\/01\/IMG_2005-150x150.jpg 150w, https:\/\/seebylaura.fr\/wp-content\/uploads\/2022\/01\/IMG_2005-100x100.jpg 100w\" sizes=\"(max-width: 150px) 100vw, 150px\" \/><\/p>\n","protected":false},"excerpt":{"rendered":"<p>Sur Instagram, d\u00e9couvrez mes projets et suivez-moi pour ne pas louper mes publications &amp; stories ! (Compte Instagram n\u00e9cessaire pour y acc\u00e9der)<\/p>\n","protected":false},"author":3,"featured_media":0,"parent":0,"menu_order":4,"comment_status":"closed","ping_status":"closed","template":"","meta":{"footnotes":""},"_links":{"self":[{"href":"https:\/\/seebylaura.fr\/index.php\/wp-json\/wp\/v2\/pages\/1656"}],"collection":[{"href":"https:\/\/seebylaura.fr\/index.php\/wp-json\/wp\/v2\/pages"}],"about":[{"href":"https:\/\/seebylaura.fr\/index.php\/wp-json\/wp\/v2\/types\/page"}],"author":[{"embeddable":true,"href":"https:\/\/seebylaura.fr\/index.php\/wp-json\/wp\/v2\/users\/3"}],"replies":[{"embeddable":true,"href":"https:\/\/seebylaura.fr\/index.php\/wp-json\/wp\/v2\/comments?post=1656"}],"version-history":[{"count":16,"href":"https:\/\/seebylaura.fr\/index.php\/wp-json\/wp\/v2\/pages\/1656\/revisions"}],"predecessor-version":[{"id":2067,"href":"https:\/\/seebylaura.fr\/index.php\/wp-json\/wp\/v2\/pages\/1656\/revisions\/2067"}],"wp:attachment":[{"href":"https:\/\/seebylaura.fr\/index.php\/wp-json\/wp\/v2\/media?parent=1656"}],"curies":[{"name":"wp","href":"https:\/\/api.w.org\/{rel}","templated":true}]}}